{"id":8027,"date":"2025-01-26T14:58:55","date_gmt":"2025-01-26T12:58:55","guid":{"rendered":"http:\/\/www.italia.listephoenix.com\/?page_id=8027"},"modified":"2025-01-26T15:11:58","modified_gmt":"2025-01-26T13:11:58","slug":"les-fetes-de-la-mer-et-de-la-barque","status":"publish","type":"page","link":"http:\/\/www.italia.listephoenix.com\/?page_id=8027","title":{"rendered":"Les f\u00eates de la mer et de la barque"},"content":{"rendered":"\n<p>Les f\u00eates de la mer et de la barque. CRP 2025. Statut\u00a0: recherches en cours. Lien<\/p>\n\n\n\n<p><strong>ABSTRACT<\/strong>. Au-del\u00e0 des rares descriptions litt\u00e9raires, les photographies, lithographies et peintures permettent de mieux appr\u00e9hender l&rsquo;importance que tenait autrefois la mer dans la vie des communaut\u00e9s du littoral m\u00e9diterran\u00e9en. Activit\u00e9 bien plus collective qu&rsquo;aujourd&rsquo;hui, la p\u00eache faisait appel \u00e0 la solidarit\u00e9 et \u00e0 la collaboration du groupe social dans son ensemble. Les p\u00eacheurs vivaient souvent dans des quartiers distincts, \u00e0 l\u2019\u00e9cart de la ville. L\u2019importance du monde marin est par ailleurs largement attest\u00e9e au travers des f\u00eates et des rituels festifs de la mer, lesquels mettent en sc\u00e8ne un registre aux connotations mythologiques, avec la comm\u00e9moration du lien fragile unissant les hommes et la mer, la barque. Cette enqu\u00eate anthropologique a \u00e9t\u00e9 men\u00e9e tout au long des c\u00f4tes et des \u00eeles d&rsquo;Italie, de Provence, de Gr\u00e8ce et d\u2019Espagne. Elle concerne aussi les traditions des ex-votos li\u00e9es aux grands sanctuaires marins ainsi que les l\u00e9gendes des pirateries dites sarrazines qui feront l\u2019objet d\u2019autres chapitres. Connues par les traditions \u00e9gyptiennes et grecques, les navigations mythiques de l&rsquo;antiquit\u00e9 poss\u00e8dent une m\u00eame trame :<br>-leur dimension fun\u00e9raire,<br>-la barque, ou un \u00e9quivalent,<br>-des dieux ou des h\u00e9ros abandonn\u00e9s aux flots,<br>-des corps d\u00e9membr\u00e9s confi\u00e9s aux eaux.<br>Ces th\u00e8mes mythologiques ont \u00e9tonnamment perdur\u00e9 jusqu\u2019\u00e0 nos jours dans les traditions populaires et festives m\u00e9diterran\u00e9ennes. S\u2019agit-il de traditions pa\u00efennes christianis\u00e9es ou bien d\u2019invariants culturels relatifs \u00e0 l\u2019importance de la mer dans les civilisations ? Abord\u00e9e dans la premi\u00e8re partie de cette \u00e9tude, la dimension calendaire de ces f\u00eates semblerait plut\u00f4t plaider dans ce sens. Le caract\u00e8re corporatif du monde des marins et des p\u00eacheurs incite par contre \u00e0 penser \u00e0 la transmission de r\u00e9cits antiques suite \u00e0 leur r\u00e9actualisation au fil des si\u00e8cles. <\/p>\n\n\n\n<p><strong>SOMMAIRE<\/strong><br>1.Les sources antiques et la question de leur permanence<br>2.Le cycle festif de la mer et le calendrier chr\u00e9tien<br>3.Les f\u00eates de la barque<br>4.Naufrages et saintes reliques<\/p>\n","protected":false},"excerpt":{"rendered":"<p>Les f\u00eates de la mer et de la barque. CRP 2025. Statut\u00a0: recherches en cours. Lien ABSTRACT. Au-del\u00e0 des rares descriptions litt\u00e9raires, les photographies, lithographies&#8230;<\/p>\n<div class=\"more-link-wrapper\"><a class=\"more-link\" href=\"http:\/\/www.italia.listephoenix.com\/?page_id=8027\">Continue reading<span class=\"screen-reader-text\">Les f\u00eates de la mer et de la barque<\/span><\/a><\/div>\n","protected":false},"author":1,"featured_media":0,"parent":7727,"menu_order":0,"comment_status":"closed","ping_status":"closed","template":"","meta":{"footnotes":""},"class_list":["post-8027","page","type-page","status-publish","hentry","entry"],"_links":{"self":[{"href":"http:\/\/www.italia.listephoenix.com\/index.php?rest_route=\/wp\/v2\/pages\/8027","targetHints":{"allow":["GET"]}}],"collection":[{"href":"http:\/\/www.italia.listephoenix.com\/index.php?rest_route=\/wp\/v2\/pages"}],"about":[{"href":"http:\/\/www.italia.listephoenix.com\/index.php?rest_route=\/wp\/v2\/types\/page"}],"author":[{"embeddable":true,"href":"http:\/\/www.italia.listephoenix.com\/index.php?rest_route=\/wp\/v2\/users\/1"}],"replies":[{"embeddable":true,"href":"http:\/\/www.italia.listephoenix.com\/index.php?rest_route=%2Fwp%2Fv2%2Fcomments&post=8027"}],"version-history":[{"count":1,"href":"http:\/\/www.italia.listephoenix.com\/index.php?rest_route=\/wp\/v2\/pages\/8027\/revisions"}],"predecessor-version":[{"id":8028,"href":"http:\/\/www.italia.listephoenix.com\/index.php?rest_route=\/wp\/v2\/pages\/8027\/revisions\/8028"}],"up":[{"embeddable":true,"href":"http:\/\/www.italia.listephoenix.com\/index.php?rest_route=\/wp\/v2\/pages\/7727"}],"wp:attachment":[{"href":"http:\/\/www.italia.listephoenix.com\/index.php?rest_route=%2Fwp%2Fv2%2Fmedia&parent=8027"}],"curies":[{"name":"wp","href":"https:\/\/api.w.org\/{rel}","templated":true}]}}