{"id":7989,"date":"2024-08-31T14:29:00","date_gmt":"2024-08-31T12:29:00","guid":{"rendered":"http:\/\/www.italia.listephoenix.com\/?page_id=7989"},"modified":"2025-09-06T13:41:57","modified_gmt":"2025-09-06T11:41:57","slug":"grece","status":"publish","type":"page","link":"http:\/\/www.italia.listephoenix.com\/?page_id=7989","title":{"rendered":"L&rsquo;archipel grec"},"content":{"rendered":"\n<figure class=\"wp-block-image size-large\"><img loading=\"lazy\" decoding=\"async\" width=\"1024\" height=\"819\" src=\"http:\/\/www.italia.listephoenix.com\/wp-content\/uploads\/2024\/08\/Archipel-grec-1024x819.jpg\" alt=\"\" class=\"wp-image-7933\" srcset=\"http:\/\/www.italia.listephoenix.com\/wp-content\/uploads\/2024\/08\/Archipel-grec-1024x819.jpg 1024w, http:\/\/www.italia.listephoenix.com\/wp-content\/uploads\/2024\/08\/Archipel-grec-300x240.jpg 300w, http:\/\/www.italia.listephoenix.com\/wp-content\/uploads\/2024\/08\/Archipel-grec-150x120.jpg 150w, http:\/\/www.italia.listephoenix.com\/wp-content\/uploads\/2024\/08\/Archipel-grec-768x614.jpg 768w, http:\/\/www.italia.listephoenix.com\/wp-content\/uploads\/2024\/08\/Archipel-grec.jpg 1250w\" sizes=\"auto, (max-width: 1024px) 100vw, 1024px\" \/><\/figure>\n\n\n\n<p>Illustration : les principaux archipels de la p\u00e9ninsule grecque (AIdarvol et Norman Einstein)<\/p>\n\n\n\n<p><strong>Citer cette publication : CRP 2024. Territoire et insularit\u00e9. <\/strong>Edition en ligne. Statut : notes de recherche. <strong><a href=\"http:\/\/www.italia.listephoenix.com\/?page_id=7932\">Lien<\/a><\/strong><\/p>\n\n\n\n<p>En Gr\u00e8ce, le territoire insulaire unit la r\u00e9alit\u00e9 et le divin, la terre et l\u2019eau, la pierre verte du P\u00e9loponn\u00e8se avec la pierre noire et br\u00fbl\u00e9e de Santorin. Le hierosyle d\u00e9couvre ici le sacr\u00e9, le hieron, dans une nature charg\u00e9e des contes de f\u00e9es, des passions, des voix sourdes et des deuils. Comme la pierre devient sacr\u00e9e quand on imagine les mains qui l\u2019ont touch\u00e9e. Comme un mort devient inoubliable quand on entend les femmes qui l\u2019ont chant\u00e9. La beaut\u00e9 d\u2019un lieu sacr\u00e9 a besoin d\u2019\u00eatre chant\u00e9e elle aussi pour qu\u2019elle reste \u00e9ternelle et pour que ces lieux sacr\u00e9s continuent \u00e0 pleurer le deuil qui commence \u00e0 se faire oublier dans la vitesse du temps, dans la lumi\u00e8re d\u2019un jour qui d\u00e9nude tout. La Gr\u00e8ce compte plusieurs milliers d\u2019\u00eeles (et ilots), dont environ deux cent sont habit\u00e9es. Les \u00eeles grecques sont divis\u00e9es en plusieurs archipels, correspondant aux trois mers r\u00e9gionales, soit les \u00eeles de la mer ionienne \u00e0 l\u2019ouest, les \u00eeles de la mer Eg\u00e9e \u00e0 l\u2019est (avec les \u00eeles Saroniques, les Cyclades et le Dod\u00e9can\u00e8se au sud, Eub\u00e9e, les Sporades et les autres \u00eeles du nord), ainsi que l\u2019archipel m\u00e9ridional cr\u00e9tois qui donne sur la mer dite de Lybie. Une majorit\u00e9 d\u2019entre elles est montagneuse et de taille moyenne ou petite, c\u2019est-\u00e0-dire inf\u00e9rieure \u00e0 1000 ou \u00e0 500 km2. Dans ces derni\u00e8res, il n\u2019y a souvent qu\u2019une seule ville et un ou deux ports et villages. La g\u00e9ologie fonde plus particuli\u00e8rement un l\u00e9gendaire universel des \u00eeles, d\u00e9crites comme un univers p\u00e9trifi\u00e9. L\u2019inscription dans la terre, l\u2019enracinement de l&rsquo;\u00eele dans \u00ab\u00a0l&rsquo;opacit\u00e9 rassurante de la pierre\u00a0\u00bb, tracent les contours d&rsquo;une g\u00e9ographie mythique &#8211; \u00e0 l&rsquo;image des montagnes noy\u00e9es par le D\u00e9luge. C\u2019est dans la roche que les \u00eeles gardent la trace des bornes, des vestiges et des empreintes de l&rsquo;exorcisme qui a pr\u00e9sid\u00e9 \u00e0 leur colonisation. L&rsquo;\u00eele est souvent d\u00e9crite comme un lieu mal\u00e9fique auquel renvoie un mal\u00e9fisme marin &#8211; car les \u00eeles ont la mer pour fronti\u00e8re, une fronti\u00e8re qui n&rsquo;est pas, comme la pierre, dress\u00e9e sur l&rsquo;axe vertical qui s\u00e9pare. Le territoire insulaire est aussi (et avant tout) un espace v\u00e9cu et fa\u00e7onn\u00e9 par les populations qui l\u2019occupent, l\u2019exploitent et en tirent leur subsistance.<\/p>\n\n\n\n<figure class=\"wp-block-image\"><img loading=\"lazy\" decoding=\"async\" width=\"800\" height=\"823\" src=\"http:\/\/www.italia.listephoenix.com\/wp-content\/uploads\/2024\/08\/00-Ionian-Islands-wikipedia.png\" alt=\"\" class=\"wp-image-7944\" srcset=\"http:\/\/www.italia.listephoenix.com\/wp-content\/uploads\/2024\/08\/00-Ionian-Islands-wikipedia.png 800w, http:\/\/www.italia.listephoenix.com\/wp-content\/uploads\/2024\/08\/00-Ionian-Islands-wikipedia-292x300.png 292w, http:\/\/www.italia.listephoenix.com\/wp-content\/uploads\/2024\/08\/00-Ionian-Islands-wikipedia-146x150.png 146w, http:\/\/www.italia.listephoenix.com\/wp-content\/uploads\/2024\/08\/00-Ionian-Islands-wikipedia-768x790.png 768w\" sizes=\"auto, (max-width: 800px) 100vw, 800px\" \/><\/figure>\n\n\n\n<figure class=\"wp-block-image is-resized\"><img loading=\"lazy\" decoding=\"async\" width=\"320\" height=\"350\" src=\"http:\/\/www.italia.listephoenix.com\/wp-content\/uploads\/2024\/08\/00-iles-saronique.jpg\" alt=\"\" class=\"wp-image-7943\" style=\"width:641px;height:auto\" srcset=\"http:\/\/www.italia.listephoenix.com\/wp-content\/uploads\/2024\/08\/00-iles-saronique.jpg 320w, http:\/\/www.italia.listephoenix.com\/wp-content\/uploads\/2024\/08\/00-iles-saronique-274x300.jpg 274w, http:\/\/www.italia.listephoenix.com\/wp-content\/uploads\/2024\/08\/00-iles-saronique-137x150.jpg 137w\" sizes=\"auto, (max-width: 320px) 100vw, 320px\" \/><\/figure>\n\n\n\n<figure class=\"wp-block-image\"><img loading=\"lazy\" decoding=\"async\" width=\"795\" height=\"1024\" src=\"http:\/\/www.italia.listephoenix.com\/wp-content\/uploads\/2024\/08\/00-Cyclades-Guide-du-Routard-795x1024.gif\" alt=\"\" class=\"wp-image-7941\" srcset=\"http:\/\/www.italia.listephoenix.com\/wp-content\/uploads\/2024\/08\/00-Cyclades-Guide-du-Routard-795x1024.gif 795w, http:\/\/www.italia.listephoenix.com\/wp-content\/uploads\/2024\/08\/00-Cyclades-Guide-du-Routard-233x300.gif 233w, http:\/\/www.italia.listephoenix.com\/wp-content\/uploads\/2024\/08\/00-Cyclades-Guide-du-Routard-117x150.gif 117w, http:\/\/www.italia.listephoenix.com\/wp-content\/uploads\/2024\/08\/00-Cyclades-Guide-du-Routard-768x989.gif 768w, http:\/\/www.italia.listephoenix.com\/wp-content\/uploads\/2024\/08\/00-Cyclades-Guide-du-Routard-1193x1536.gif 1193w, http:\/\/www.italia.listephoenix.com\/wp-content\/uploads\/2024\/08\/00-Cyclades-Guide-du-Routard-1591x2048.gif 1591w\" sizes=\"auto, (max-width: 795px) 100vw, 795px\" \/><\/figure>\n\n\n\n<figure class=\"wp-block-image is-resized\"><img loading=\"lazy\" decoding=\"async\" width=\"320\" height=\"350\" src=\"http:\/\/www.italia.listephoenix.com\/wp-content\/uploads\/2024\/08\/00-Dodecanese-Grafic-Maps.jpg\" alt=\"\" class=\"wp-image-7942\" style=\"width:644px;height:auto\" srcset=\"http:\/\/www.italia.listephoenix.com\/wp-content\/uploads\/2024\/08\/00-Dodecanese-Grafic-Maps.jpg 320w, http:\/\/www.italia.listephoenix.com\/wp-content\/uploads\/2024\/08\/00-Dodecanese-Grafic-Maps-274x300.jpg 274w, http:\/\/www.italia.listephoenix.com\/wp-content\/uploads\/2024\/08\/00-Dodecanese-Grafic-Maps-137x150.jpg 137w\" sizes=\"auto, (max-width: 320px) 100vw, 320px\" \/><\/figure>\n\n\n\n<figure class=\"wp-block-image\"><img loading=\"lazy\" decoding=\"async\" width=\"800\" height=\"507\" src=\"http:\/\/www.italia.listephoenix.com\/wp-content\/uploads\/2024\/08\/00-Sporades-Wikimedia.png\" alt=\"\" class=\"wp-image-7946\" srcset=\"http:\/\/www.italia.listephoenix.com\/wp-content\/uploads\/2024\/08\/00-Sporades-Wikimedia.png 800w, http:\/\/www.italia.listephoenix.com\/wp-content\/uploads\/2024\/08\/00-Sporades-Wikimedia-300x190.png 300w, http:\/\/www.italia.listephoenix.com\/wp-content\/uploads\/2024\/08\/00-Sporades-Wikimedia-150x95.png 150w, http:\/\/www.italia.listephoenix.com\/wp-content\/uploads\/2024\/08\/00-Sporades-Wikimedia-768x487.png 768w\" sizes=\"auto, (max-width: 800px) 100vw, 800px\" \/><\/figure>\n\n\n\n<figure class=\"wp-block-image is-resized\"><img loading=\"lazy\" decoding=\"async\" width=\"500\" height=\"400\" src=\"http:\/\/www.italia.listephoenix.com\/wp-content\/uploads\/2024\/08\/00-North-Egean-Islands.png\" alt=\"\" class=\"wp-image-7976\" style=\"width:644px;height:auto\" srcset=\"http:\/\/www.italia.listephoenix.com\/wp-content\/uploads\/2024\/08\/00-North-Egean-Islands.png 500w, http:\/\/www.italia.listephoenix.com\/wp-content\/uploads\/2024\/08\/00-North-Egean-Islands-300x240.png 300w, http:\/\/www.italia.listephoenix.com\/wp-content\/uploads\/2024\/08\/00-North-Egean-Islands-150x120.png 150w\" sizes=\"auto, (max-width: 500px) 100vw, 500px\" \/><\/figure>\n\n\n\n<figure class=\"wp-block-image\"><img loading=\"lazy\" decoding=\"async\" width=\"1024\" height=\"409\" src=\"http:\/\/www.italia.listephoenix.com\/wp-content\/uploads\/2024\/08\/00-Crete-1024x409.jpg\" alt=\"\" class=\"wp-image-7940\" srcset=\"http:\/\/www.italia.listephoenix.com\/wp-content\/uploads\/2024\/08\/00-Crete-1024x409.jpg 1024w, http:\/\/www.italia.listephoenix.com\/wp-content\/uploads\/2024\/08\/00-Crete-300x120.jpg 300w, http:\/\/www.italia.listephoenix.com\/wp-content\/uploads\/2024\/08\/00-Crete-150x60.jpg 150w, http:\/\/www.italia.listephoenix.com\/wp-content\/uploads\/2024\/08\/00-Crete-768x306.jpg 768w, http:\/\/www.italia.listephoenix.com\/wp-content\/uploads\/2024\/08\/00-Crete-1536x613.jpg 1536w, http:\/\/www.italia.listephoenix.com\/wp-content\/uploads\/2024\/08\/00-Crete.jpg 1945w\" sizes=\"auto, (max-width: 1024px) 100vw, 1024px\" \/><\/figure>\n","protected":false},"excerpt":{"rendered":"<p>Illustration : les principaux archipels de la p\u00e9ninsule grecque (AIdarvol et Norman Einstein) Citer cette publication : CRP 2024. Territoire et insularit\u00e9. Edition en ligne.&#8230;<\/p>\n<div class=\"more-link-wrapper\"><a class=\"more-link\" href=\"http:\/\/www.italia.listephoenix.com\/?page_id=7989\">Continue reading<span class=\"screen-reader-text\">L&rsquo;archipel grec<\/span><\/a><\/div>\n","protected":false},"author":1,"featured_media":0,"parent":7932,"menu_order":18,"comment_status":"closed","ping_status":"closed","template":"","meta":{"footnotes":""},"class_list":["post-7989","page","type-page","status-publish","hentry","entry"],"_links":{"self":[{"href":"http:\/\/www.italia.listephoenix.com\/index.php?rest_route=\/wp\/v2\/pages\/7989","targetHints":{"allow":["GET"]}}],"collection":[{"href":"http:\/\/www.italia.listephoenix.com\/index.php?rest_route=\/wp\/v2\/pages"}],"about":[{"href":"http:\/\/www.italia.listephoenix.com\/index.php?rest_route=\/wp\/v2\/types\/page"}],"author":[{"embeddable":true,"href":"http:\/\/www.italia.listephoenix.com\/index.php?rest_route=\/wp\/v2\/users\/1"}],"replies":[{"embeddable":true,"href":"http:\/\/www.italia.listephoenix.com\/index.php?rest_route=%2Fwp%2Fv2%2Fcomments&post=7989"}],"version-history":[{"count":9,"href":"http:\/\/www.italia.listephoenix.com\/index.php?rest_route=\/wp\/v2\/pages\/7989\/revisions"}],"predecessor-version":[{"id":8069,"href":"http:\/\/www.italia.listephoenix.com\/index.php?rest_route=\/wp\/v2\/pages\/7989\/revisions\/8069"}],"up":[{"embeddable":true,"href":"http:\/\/www.italia.listephoenix.com\/index.php?rest_route=\/wp\/v2\/pages\/7932"}],"wp:attachment":[{"href":"http:\/\/www.italia.listephoenix.com\/index.php?rest_route=%2Fwp%2Fv2%2Fmedia&parent=7989"}],"curies":[{"name":"wp","href":"https:\/\/api.w.org\/{rel}","templated":true}]}}