{"id":7563,"date":"2023-12-19T15:55:56","date_gmt":"2023-12-19T13:55:56","guid":{"rendered":"http:\/\/www.italia.listephoenix.com\/?page_id=7563"},"modified":"2024-08-10T13:33:56","modified_gmt":"2024-08-10T11:33:56","slug":"contributions","status":"publish","type":"page","link":"http:\/\/www.italia.listephoenix.com\/?page_id=7563","title":{"rendered":"2. CONTRIBUTIONS"},"content":{"rendered":"\n<p><strong>Folkore et traditions populaires: anthropologie du monde m\u00e9diterran\u00e9en<\/strong><\/p>\n\n\n\n<figure class=\"wp-block-image size-full\"><img loading=\"lazy\" decoding=\"async\" width=\"684\" height=\"485\" src=\"http:\/\/www.italia.listephoenix.com\/wp-content\/uploads\/2023\/12\/Date-clade-genetic.jpg\" alt=\"\" class=\"wp-image-7694\" srcset=\"http:\/\/www.italia.listephoenix.com\/wp-content\/uploads\/2023\/12\/Date-clade-genetic.jpg 684w, http:\/\/www.italia.listephoenix.com\/wp-content\/uploads\/2023\/12\/Date-clade-genetic-300x213.jpg 300w, http:\/\/www.italia.listephoenix.com\/wp-content\/uploads\/2023\/12\/Date-clade-genetic-150x106.jpg 150w\" sizes=\"auto, (max-width: 684px) 100vw, 684px\" \/><\/figure>\n\n\n\n<p><a href=\"http:\/\/www.listephoenix.com\/?page_id=2276\" target=\"_blank\" rel=\"noreferrer noopener\">Distribution | Projet Phoenix (listephoenix.com)<\/a><\/p>\n\n\n\n<ol class=\"wp-block-list\">\n<li>Bestiaire et insularit\u00e9<\/li>\n\n\n\n<li>Passions V\u00e9g\u00e9tales et rituels agraires<\/li>\n\n\n\n<li>Ethnobotanique et \u00e9cologie int\u00e9grative<\/li>\n<\/ol>\n\n\n\n<p><strong>Fronti\u00e8res et identit\u00e9s.<\/strong> Les pages qui suivent rendent compte de nos recherches et de nos collaborations en mati\u00e8re de folklore et de traditions populaires dans le monde m\u00e9diterran\u00e9en. Elles concernent aussi les avanc\u00e9es contemporaines des sciences sociales, avec par exemple nos collaborations scientifiques en mati\u00e8re d\u2019ethnobotanique et de phylog\u00e9n\u00e9tique. Nos travaux dans ce domaine portent plus particuli\u00e8rement sur la riche histoire dont ces r\u00e9gions demeurent d\u00e9positaires jusqu\u2019\u00e0 nos jours en tant qu\u2019aires culturelles transfrontali\u00e8res. Invent\u00e9 au XIXe si\u00e8cle dans le cadre des premiers d\u00e9veloppements de l\u2019ethnologie et du folklore en France, le concept d&rsquo;aires culturelles est probl\u00e9matique mais tr\u00e8s utile. Il est en effet d\u00e9fini par la pr\u00e9sence sur un m\u00eame territoire g\u00e9ographique d\u2019un ou de plusieurs traits culturels, au premier plan desquels la langue, qui repr\u00e9sente assur\u00e9ment un trait culturel majeur. D\u2019autres traits sont fr\u00e9quemment retenus, comme des pratiques religieuses ou bien un syst\u00e8me agricole, technologique ou \u00e9conomique. Toutefois ces aires se chevauchent le plus souvent, par exemple dans le cas o\u00f9 l\u2019on retient le trait culturel linguistique. Les aires culturelles se composeraient en fait d\u2019un centre, g\u00e9n\u00e9ralement urbain, o\u00f9 les traits culturels retenus sont attest\u00e9s, et d\u2019une p\u00e9riph\u00e9rie, commune \u00e0 d\u2019autres aires voisines, o\u00f9 ces m\u00eames traits existent aussi. De ce point de vue, le concept op\u00e9ratoire d\u2019aire culturelle offre un cadre th\u00e9orique int\u00e9ressant pour appr\u00e9hender les ph\u00e9nom\u00e8nes essentiels d\u2019emprunts et de contacts.<\/p>\n\n\n\n<p><strong>Les Alpes m\u00e9diterran\u00e9ennes<\/strong>. Nos recherches dans le monde m\u00e9diterran\u00e9en portent essentiellement sur les aires culturelles transfrontali\u00e8res, relativement fr\u00e9quentes dans ces r\u00e9gions. Ce type de situation rel\u00e8ve de plusieurs facteurs, au premier plan desquels la pr\u00e9sence de r\u00e9gions montagneuses littorales. Dans ce genre de r\u00e9gions le relief est extr\u00eamement compartiment\u00e9, ce qui conduit \u00e0 l\u2019existence de soci\u00e9t\u00e9s vivant en quasi-autarcie. La proximit\u00e9 du littoral entra\u00eene toutefois des \u00e9changes qui donnent souvent naissance \u00e0 une grande compl\u00e9mentarit\u00e9 comme par exemple le commerce du sel. Le monde m\u00e9diterran\u00e9en est par ailleurs depuis l\u2019Antiquit\u00e9 un monde urbain, o\u00f9 la ville est le centre d\u2019un territoire rural mais aussi un monde cosmopolite. L\u2019insularit\u00e9 repr\u00e9sente enfin un autre facteur de grande importance, \u00e0 la fois culturel et \u00e9conomique. Les Alpes m\u00e9diterran\u00e9ennes repr\u00e9sentent de ce point de vue une zone typique de fronti\u00e8res entre des r\u00e9gions g\u00e9ographiques bien diff\u00e9renci\u00e9es du point vue linguistique, la Provence, la Ligurie, le Pi\u00e9mont et la Corse. L\u2019\u00e9tude des traditions populaires a connu des d\u00e9veloppements ind\u00e9pendants dans ces r\u00e9gions, en lien avec la construction probl\u00e9matique des identit\u00e9s nationales fran\u00e7aises et italiennes. Ces divergences ont m\u00eame conduit ces deux pays \u00e0 entrer en guerre \u00e0 l\u2019occasion des revendications dites irr\u00e9dentistes et des annexions de territoires qui les ont accompagn\u00e9es.<\/p>\n\n\n\n<p><strong>1. Bestiaire et insularit\u00e9. <\/strong>Ces publications remontent \u00e0 une demande de collaboration du Mus\u00e9e d\u2019Anthropologie de la Corse (Museu di A Corsica) alors en pr\u00e9figuration. Elles concernent plus particuli\u00e8rement l\u2019\u00e9poque de l\u2019\u00e9vang\u00e9lisation et ses liens \u00e0 l\u2019insularit\u00e9. Deux th\u00e8mes \u00e9mergent de ce corpus, des cr\u00e9atures mal\u00e9fiques voire monstrueuses et des personnages qui les affrontent. Ces personnages sont des saints \u00e0 la fois ermites et thaumaturges pour la plupart. Les caract\u00e9ristiques de ces r\u00e9cits ne sont pas sans faire penser \u00e0 des survivances christianis\u00e9es d\u2019anciennes croyances chamaniques qui auraient fait le tour du monde \u00e0 la fin du pal\u00e9olithique. La diffusion de ces r\u00e9cits concerne par ailleurs des aires culturelles totalement distinctes.<\/p>\n\n\n\n<p><strong>2. Passions V\u00e9g\u00e9tales et rituels agraires. <\/strong>La mise \u00e0 mort rituelle et la r\u00e9surrection d&rsquo;un \u00ab\u00a0dieu\u00a0\u00bb, royaut\u00e9 \u00e9ph\u00e9m\u00e8re ou \u00ab\u00a0esprit de la v\u00e9g\u00e9tation\u00a0\u00bb est un th\u00e8me central des religions du Bouddhisme au Christianisme. Elle concerne g\u00e9n\u00e9ralement la \u201cmise \u00e0 mort\u201d d\u2019une plante ou d\u2019un masque v\u00e9g\u00e9tal. Mais c&rsquo;est aussi un rite shamanique, issu des archa\u00efques soci\u00e9t\u00e9s de chasseurs o\u00f9 l\u2019on cherche ainsi \u00e0 s&rsquo;assurer la p\u00e9rennit\u00e9 du gibier. De la pr\u00e9histoire \u00e0 nos jours un m\u00eame sch\u00e9ma semblerait donc gouverner l&rsquo;histoire des religions. Ces pratiques, conserv\u00e9es en marge de la liturgie, nous r\u00e9v\u00e8lent aussi l&rsquo;essence esth\u00e9tique et conviviale de la f\u00eate, que nous abordons ici au travers d\u2019une approche comparative de ces traditions festives dans les r\u00e9gions frontali\u00e8res des Alpes m\u00e9diterran\u00e9ennes.<\/p>\n\n\n\n<p><strong>3. Ethnobotanique et \u00e9cologie int\u00e9grative.<\/strong>\u00a0Ces pages de notre site web sont consacr\u00e9es \u00e0 l\u2019histoire de la domestication des plantes et \u00e0 son impact sur l\u2019histoire des civilisations. La C\u00f4te d\u2019Azur fran\u00e7aise et italienne abrite une palmeraie ornementale historique particuli\u00e8rement vaste et diversifi\u00e9e, en nombre de palmiers comme en nombre d\u2019esp\u00e8ces. Son histoire remonte au moyen \u00e2ge, \u00e0 l\u2019\u00e9poque o\u00f9 les moines chr\u00e9tiens s\u2019installent dans ces r\u00e9gions, qui repr\u00e9sentent l\u2019un des foyers majeurs de l\u2019\u00e9vang\u00e9lisation de l\u2019Europe. Elle est \u00e0 la fois li\u00e9e \u00e0 l\u2019aire culturelle chr\u00e9tienne, catholique et orthodoxe, mais aussi aux traditions juives en direction d\u2019une diaspora qui concerne l\u2019ensemble de l\u2019Europe. Ces riches collections vari\u00e9tales ont par ailleurs donn\u00e9 naissance \u00e0 un programme de recherches euro-m\u00e9diterran\u00e9en en collaboration avec les travaux de phylog\u00e9n\u00e9tique de l\u2019Institut pour la Recherche et le D\u00e9veloppement (IRD), le Projet Phoenix, dont les diff\u00e9rentes rubriques de ce site rendent compte.\u00a0<strong><a href=\"http:\/\/www.listephoenix.com\/\" target=\"_blank\" rel=\"noreferrer noopener\">Lien<\/a><\/strong><\/p>\n","protected":false},"excerpt":{"rendered":"<p>Folkore et traditions populaires: anthropologie du monde m\u00e9diterran\u00e9en Distribution | Projet Phoenix (listephoenix.com) Fronti\u00e8res et identit\u00e9s. Les pages qui suivent rendent compte de nos recherches&#8230;<\/p>\n<div class=\"more-link-wrapper\"><a class=\"more-link\" href=\"http:\/\/www.italia.listephoenix.com\/?page_id=7563\">Continue reading<span class=\"screen-reader-text\">2. CONTRIBUTIONS<\/span><\/a><\/div>\n","protected":false},"author":1,"featured_media":0,"parent":0,"menu_order":11,"comment_status":"closed","ping_status":"closed","template":"","meta":{"footnotes":""},"class_list":["post-7563","page","type-page","status-publish","hentry","entry"],"_links":{"self":[{"href":"http:\/\/www.italia.listephoenix.com\/index.php?rest_route=\/wp\/v2\/pages\/7563","targetHints":{"allow":["GET"]}}],"collection":[{"href":"http:\/\/www.italia.listephoenix.com\/index.php?rest_route=\/wp\/v2\/pages"}],"about":[{"href":"http:\/\/www.italia.listephoenix.com\/index.php?rest_route=\/wp\/v2\/types\/page"}],"author":[{"embeddable":true,"href":"http:\/\/www.italia.listephoenix.com\/index.php?rest_route=\/wp\/v2\/users\/1"}],"replies":[{"embeddable":true,"href":"http:\/\/www.italia.listephoenix.com\/index.php?rest_route=%2Fwp%2Fv2%2Fcomments&post=7563"}],"version-history":[{"count":20,"href":"http:\/\/www.italia.listephoenix.com\/index.php?rest_route=\/wp\/v2\/pages\/7563\/revisions"}],"predecessor-version":[{"id":7857,"href":"http:\/\/www.italia.listephoenix.com\/index.php?rest_route=\/wp\/v2\/pages\/7563\/revisions\/7857"}],"wp:attachment":[{"href":"http:\/\/www.italia.listephoenix.com\/index.php?rest_route=%2Fwp%2Fv2%2Fmedia&parent=7563"}],"curies":[{"name":"wp","href":"https:\/\/api.w.org\/{rel}","templated":true}]}}