{"id":2283,"date":"2012-01-07T12:50:42","date_gmt":"2012-01-07T10:50:42","guid":{"rendered":"http:\/\/www.art.listephoenix.com\/?page_id=368"},"modified":"2024-08-22T12:56:39","modified_gmt":"2024-08-22T10:56:39","slug":"partners","status":"publish","type":"page","link":"http:\/\/www.italia.listephoenix.com\/?page_id=2283","title":{"rendered":"ABOUT US"},"content":{"rendered":"<div class=\"wp-block-image\">\n<figure class=\"alignleft is-resized\"><img decoding=\"async\" src=\"http:\/\/www.listephoenix.com\/wp-content\/uploads\/2012\/01\/CASTELLANA-robert-150x150.jpeg\" alt=\"\" class=\"wp-image-3974\" style=\"width:178px;height:auto\" title=\"CASTELLANA robert\"\/><\/figure>\n<\/div>\n\n\n<p>Nos activit\u00e9s relatives aux cultures d\u2019entreprises aux identit\u00e9s professionnelles concernent aussi l\u2019histoire de leurs origines et de leur transmission. Les cultures d\u2019entreprises, de m\u00eame que les identit\u00e9s, professionnelles, r\u00e9gionales ou nationales sont d\u00e9sormais plus ou moins fortement impact\u00e9es, en fonction des pays, par la mondialisation de leurs \u00e9conomies. Les travaux pr\u00e9curseurs des ethnologues restent de ce point de vue d\u2019une grande actualit\u00e9. En ce qui concerne le domaine francophone, leurs activit\u00e9s ont concern\u00e9 \u00e0 la fois l\u2019Afrique, l\u2019Asie et l\u2019Am\u00e9rique mais aussi l\u2019Europe occidentale et orientale. Les d\u00e9veloppements des sciences humaines et sociales ont eu un impact au moins \u00e9gal \u00e0 celui des sciences de la nature et du vivant. Cet impact reste toutefois m\u00e9connu car les m\u00e9canismes qui pr\u00e9sident au d\u00e9veloppement des soci\u00e9t\u00e9s humaines sont difficiles \u00e0 analyser, du fait que l\u2019analyste fait lui-m\u00eame partie du sujet qu\u2019il observe et \u00e9tudie. <\/p>\n\n\n\n<p><strong>Nous contacter.<\/strong> Ce site de vulgarisation scientifique est coordonn\u00e9 par Robert Castellana, qui est aussi en charge de la r\u00e9daction des articles. Intitul\u00e9 BIOARCHIVE, il a pour objet de rendre compte de recherches interdisciplinaires rassemblant des collaborations scientifiques, industrielles, mus\u00e9ographiques ou artistiques men\u00e9es avec diverses institutions et entreprises. Le projet BIOARCHIVE vise plus particuli\u00e8rement \u00e0 mettre \u00e0 la disposition des chercheurs et du public des ressources documentaires issues d&rsquo;archives ou de travaux contemporains. <\/p>\n\n\n\n<p>Robert CASTELLANA CENTRE DE RECHERCHE SUR LE PATRIMOINE robert.castellana@laposte.net +33 660 097 765<\/p>\n\n\n\n<p><strong><a href=\"http:\/\/bioarchive.listephoenix.com\/bio-archive\/\" data-type=\"link\" data-id=\"http:\/\/bioarchive.listephoenix.com\/bio-archive\/\" target=\"_blank\" rel=\"noreferrer noopener\">Lien <\/a><\/strong><\/p>\n","protected":false},"excerpt":{"rendered":"<p>Nos activit\u00e9s relatives aux cultures d\u2019entreprises aux identit\u00e9s professionnelles concernent aussi l\u2019histoire de leurs origines et de leur transmission. Les cultures d\u2019entreprises, de m\u00eame que&#8230;<\/p>\n<div class=\"more-link-wrapper\"><a class=\"more-link\" href=\"http:\/\/www.italia.listephoenix.com\/?page_id=2283\">Continue reading<span class=\"screen-reader-text\">ABOUT US<\/span><\/a><\/div>\n","protected":false},"author":1,"featured_media":0,"parent":0,"menu_order":20,"comment_status":"closed","ping_status":"closed","template":"","meta":{"footnotes":""},"class_list":["post-2283","page","type-page","status-publish","hentry","entry"],"_links":{"self":[{"href":"http:\/\/www.italia.listephoenix.com\/index.php?rest_route=\/wp\/v2\/pages\/2283","targetHints":{"allow":["GET"]}}],"collection":[{"href":"http:\/\/www.italia.listephoenix.com\/index.php?rest_route=\/wp\/v2\/pages"}],"about":[{"href":"http:\/\/www.italia.listephoenix.com\/index.php?rest_route=\/wp\/v2\/types\/page"}],"author":[{"embeddable":true,"href":"http:\/\/www.italia.listephoenix.com\/index.php?rest_route=\/wp\/v2\/users\/1"}],"replies":[{"embeddable":true,"href":"http:\/\/www.italia.listephoenix.com\/index.php?rest_route=%2Fwp%2Fv2%2Fcomments&post=2283"}],"version-history":[{"count":89,"href":"http:\/\/www.italia.listephoenix.com\/index.php?rest_route=\/wp\/v2\/pages\/2283\/revisions"}],"predecessor-version":[{"id":7967,"href":"http:\/\/www.italia.listephoenix.com\/index.php?rest_route=\/wp\/v2\/pages\/2283\/revisions\/7967"}],"wp:attachment":[{"href":"http:\/\/www.italia.listephoenix.com\/index.php?rest_route=%2Fwp%2Fv2%2Fmedia&parent=2283"}],"curies":[{"name":"wp","href":"https:\/\/api.w.org\/{rel}","templated":true}]}}