{"id":2271,"date":"2012-01-03T15:50:10","date_gmt":"2012-01-03T13:50:10","guid":{"rendered":"http:\/\/www.art.listephoenix.com\/?page_id=73"},"modified":"2025-12-16T23:12:39","modified_gmt":"2025-12-16T21:12:39","slug":"arecacea","status":"publish","type":"page","link":"http:\/\/www.italia.listephoenix.com\/?page_id=2271","title":{"rendered":"Mythologie"},"content":{"rendered":"\n<p><strong>Georges Dum\u00e9zil (1898-1986) : Religion proto-indo-europ\u00e9enne et mythologie compar\u00e9e. <\/strong><\/p>\n\n\n\n<figure class=\"wp-block-image size-large is-resized\"><img loading=\"lazy\" decoding=\"async\" width=\"807\" height=\"1024\" src=\"http:\/\/www.italia.listephoenix.com\/wp-content\/uploads\/2023\/12\/Dumezil_Georges-807x1024.jpg\" alt=\"\" class=\"wp-image-7558\" style=\"width:230px;height:auto\" srcset=\"http:\/\/www.italia.listephoenix.com\/wp-content\/uploads\/2023\/12\/Dumezil_Georges-807x1024.jpg 807w, http:\/\/www.italia.listephoenix.com\/wp-content\/uploads\/2023\/12\/Dumezil_Georges-237x300.jpg 237w, http:\/\/www.italia.listephoenix.com\/wp-content\/uploads\/2023\/12\/Dumezil_Georges-118x150.jpg 118w, http:\/\/www.italia.listephoenix.com\/wp-content\/uploads\/2023\/12\/Dumezil_Georges-768x974.jpg 768w, http:\/\/www.italia.listephoenix.com\/wp-content\/uploads\/2023\/12\/Dumezil_Georges.jpg 850w\" sizes=\"auto, (max-width: 807px) 100vw, 807px\" \/><\/figure>\n\n\n\n<ol class=\"wp-block-list\">\n<li>Mythologie compar\u00e9e et linguistique<\/li>\n\n\n\n<li>L\u2019apport de Georges Dum\u00e9zil<\/li>\n\n\n\n<li>Rep\u00e8res bibliographiques<\/li>\n<\/ol>\n\n\n\n<p><strong>1. Mythologie compar\u00e9e et linguistique<\/strong><\/p>\n\n\n\n<p>L&rsquo;hypoth\u00e8se de l&rsquo;existence d&rsquo;une religion proto-indo-europ\u00e9enne repose sur l&rsquo;id\u00e9e d&rsquo;une unit\u00e9 originelle de l&rsquo;ensemble des mythes et divinit\u00e9s associ\u00e9s aux locuteurs de ces langues. Il ne subsiste toutefois aucun t\u00e9moignage \u00e9crit d&rsquo;un tel syst\u00e8me de croyance, les Proto-Indo-Europ\u00e9ens \u00e9tant un peuple sans \u00e9criture. Les recherches en mythologie compar\u00e9e ont donc cherch\u00e9 \u00e0 reconstituer ces croyances en supposant qu\u2019elles auraient surv\u00e9cu dans les traditions ult\u00e9rieures des peuples de cette diaspora. Elles ont principalement concern\u00e9 les mythologies indo-iranienne, baltes, romaines, nordiques, celtiques, grecques, slaves, hittites, arm\u00e9niennes, illyriennes, et albanaises.<\/p>\n\n\n\n<p><strong>2. L\u2019apport de Georges Dum\u00e9zil<\/strong><\/p>\n\n\n\n<p><strong>Biographie.<\/strong> Georges Dum\u00e9zil s\u2019est consacr\u00e9 \u00e0 l\u2019\u00e9tude comparative des mythologies et des religions des peuples d\u2019Europe et d\u2019Asie qualifi\u00e9es \u00e0 son \u00e9poque d\u2019indo-europ\u00e9ens au niveau linguistique. Lors de ses \u00e9tudes \u00e0 l&rsquo;\u00c9cole normale sup\u00e9rieure (en 1916), il rencontre le philologue Michel Br\u00e9al (traducteur de l&rsquo;\u0153uvre de Franz Bopp, fondateur d&rsquo;une grammaire compar\u00e9e et auteur d&rsquo;ouvrages sur le vocabulaire des langues indo-europ\u00e9ennes). Il fait aussi la connaissance de son successeur Antoine Meillet, un autre linguiste auteur d\u2019un dictionnaire sanskrit-fran\u00e7ais. Apr\u00e8s un s\u00e9jour en tant que lecteur de fran\u00e7ais \u00e0 l&rsquo;universit\u00e9 de Varsovie, il rentre en France en 1922 pour travailler \u00e0 ses th\u00e8ses d&rsquo;histoire des religions et de mythologie compar\u00e9e. Dum\u00e9zil ma\u00eetrise alors six langues, dont trois langues anciennes. En 1925, il se rend en Turquie o\u00f9 il enseigne l&rsquo;histoire des religions \u00e0 l&rsquo;universit\u00e9 d&rsquo;Istanbul. Il apprend le turc, et se rend ensuite dans le Caucase et en Russie, o\u00f9 il d\u00e9couvre notamment la langue et la mythologie des oss\u00e8tes. Il \u00e9tudie \u00e9galement la langue des Oubykh, un peuple caucasien de l&rsquo;Ouest de la Turquie, ainsi que le tcherkesse et l&rsquo;abkhaze. Le fonds d&rsquo;ouvrages qu&rsquo;il rapporte de ces voyages est l\u2019un des plus importants de la caucasologie en Occident. En 1931, il obtient un poste de lecteur de fran\u00e7ais \u00e0 l\u2019universit\u00e9 d&rsquo;Uppsala, en Su\u00e8de, o\u00f9 il s\u2019attache \u00e0 l\u2019\u00e9tude de la mythologie scandinave. Il sera ensuite directeur d\u2019\u00e9tude comparative des religions des peuples indo-europ\u00e9ens \u00e0 la Ve section de l\u2019\u00c9cole pratique des hautes \u00e9tudes. Il suivra \u00e9galement les cours de sinologie donn\u00e9s par Marcel Granet et ceux de Marcel Mauss. Elu en 1949 au Coll\u00e8ge de France il enseigne \u00e0 la nouvelle chaire des civilisations indo-europ\u00e9ennes. Il se rend aussi au P\u00e9rou o\u00f9 il apprend le quechua et retourne dans le Caucase pour y \u00e9tudier leurs langues et leurs mythologies. Dum\u00e9zil publie en 1968 les trois volumes de Mythe et \u00c9pop\u00e9e. En 1970, il est \u00e9lu \u00e0 l\u2019Acad\u00e9mie des inscriptions et belles-lettres et entre \u00e0 l\u2019Acad\u00e9mie fran\u00e7aise en 1978. <strong>Source<\/strong> Wikipedia<\/p>\n\n\n\n<p><strong>La th\u00e9orie des trois fonctions. <\/strong>L&rsquo;un des apports majeurs de Georges Dum\u00e9zil \u00e0 la th\u00e9orie des survivances est celle de l&rsquo;existence d&rsquo;un syst\u00e8me de trois fonctions communes \u00e0 l&rsquo;ensemble des peuples indo-europ\u00e9ens. Dum\u00e9zil a cherch\u00e9 pour cela \u00e0 mettre en \u00e9vidence l\u2019existence de structures narratives similaires relatives \u00e0 une conception de la soci\u00e9t\u00e9 organis\u00e9e selon lui autour de la fonction du sacr\u00e9 et de la souverainet\u00e9, la fonction guerri\u00e8re et la fonction de production et de reproduction. La fonction de souverainet\u00e9, d&rsquo;ordre magico-religieux, serait incarn\u00e9e par la caste sacerdotale. La fonction militaire, celle de la caste guerri\u00e8re, se refl\u00e9terait dans les divinit\u00e9s de la guerre. La troisi\u00e8me fonction, incarn\u00e9e par la caste des \u00e9leveurs-cultivateurs, se caract\u00e9riserait par la fertilit\u00e9, la subsistance, et divers personnages mythiques associ\u00e9s aux plantes et aux animaux. Cette organisation trifonctionnelle se retrouverait aussi bien dans la mythologie et les r\u00e9cits fondateurs de la Gr\u00e8ce et de la Rome antique, et dans les institutions sociales comme celles du syst\u00e8me de castes en Inde. <\/p>\n\n\n\n<p><strong><strong>L&rsquo;h\u00e9ritage scientifique de Dum\u00e9zil<\/strong><\/strong>. Un grand nombre d&rsquo;universitaires a repris les th\u00e8mes d\u00e9velopp\u00e9s par Georges Dum\u00e9zil, parmi lesquels :<br><strong>Georges Duby<\/strong>, qui a \u00e9tudi\u00e9 la continuit\u00e9 des trois fonctions clerg\u00e9, noblesse et tiers \u00e9tat au Moyen \u00c2ge avec Les trois ordres ou l&rsquo;imaginaire du f\u00e9odalisme (1978) et Le Chevalier, la Femme et le Pr\u00eatre (1981)<br><strong>Michel Foucault<\/strong>, qui a b\u00e9n\u00e9fici\u00e9 du patronage de Dum\u00e9zil s&rsquo;est inspir\u00e9 de ses recherches dans ses premiers travaux.<br>Le sp\u00e9cialiste du monde celtique <strong>Christian-J. Guyonvarc&rsquo;h<\/strong><br>L\u2019&rsquo;indianiste fran\u00e7ais <strong>Louis Renou<\/strong><br>Le linguiste et mythologue n\u00e9erlandais <strong>Jan de Vries<\/strong> (1890-1964)<br>Le linguiste fran\u00e7ais <strong>\u00c9mile Benveniste<\/strong><br>Le philosophe et rh\u00e9toricien fran\u00e7ais Philippe-Joseph Salazar<br>L&rsquo;indianiste su\u00e9dois <strong>Stig Wikander (<\/strong>1908-1983)<br>Les indianistes <strong>Jean Naudou, Nick J. Allen, Daniel Dubuisson<\/strong> admettent l&rsquo;utilit\u00e9 des th\u00e8ses trifonctionnelles dans leur domaine, tout comme <strong>\u00c9milia Masson<\/strong> dans le sien, les Hittites. <\/p>\n\n\n\n<p><\/p>\n","protected":false},"excerpt":{"rendered":"<p>Georges Dum\u00e9zil (1898-1986) : Religion proto-indo-europ\u00e9enne et mythologie compar\u00e9e. 1. Mythologie compar\u00e9e et linguistique L&rsquo;hypoth\u00e8se de l&rsquo;existence d&rsquo;une religion proto-indo-europ\u00e9enne repose sur l&rsquo;id\u00e9e d&rsquo;une unit\u00e9&#8230;<\/p>\n<div class=\"more-link-wrapper\"><a class=\"more-link\" href=\"http:\/\/www.italia.listephoenix.com\/?page_id=2271\">Continue reading<span class=\"screen-reader-text\">Mythologie<\/span><\/a><\/div>\n","protected":false},"author":1,"featured_media":0,"parent":2948,"menu_order":7,"comment_status":"closed","ping_status":"closed","template":"","meta":{"footnotes":""},"class_list":["post-2271","page","type-page","status-publish","hentry","entry"],"_links":{"self":[{"href":"http:\/\/www.italia.listephoenix.com\/index.php?rest_route=\/wp\/v2\/pages\/2271","targetHints":{"allow":["GET"]}}],"collection":[{"href":"http:\/\/www.italia.listephoenix.com\/index.php?rest_route=\/wp\/v2\/pages"}],"about":[{"href":"http:\/\/www.italia.listephoenix.com\/index.php?rest_route=\/wp\/v2\/types\/page"}],"author":[{"embeddable":true,"href":"http:\/\/www.italia.listephoenix.com\/index.php?rest_route=\/wp\/v2\/users\/1"}],"replies":[{"embeddable":true,"href":"http:\/\/www.italia.listephoenix.com\/index.php?rest_route=%2Fwp%2Fv2%2Fcomments&post=2271"}],"version-history":[{"count":39,"href":"http:\/\/www.italia.listephoenix.com\/index.php?rest_route=\/wp\/v2\/pages\/2271\/revisions"}],"predecessor-version":[{"id":7860,"href":"http:\/\/www.italia.listephoenix.com\/index.php?rest_route=\/wp\/v2\/pages\/2271\/revisions\/7860"}],"up":[{"embeddable":true,"href":"http:\/\/www.italia.listephoenix.com\/index.php?rest_route=\/wp\/v2\/pages\/2948"}],"wp:attachment":[{"href":"http:\/\/www.italia.listephoenix.com\/index.php?rest_route=%2Fwp%2Fv2%2Fmedia&parent=2271"}],"curies":[{"name":"wp","href":"https:\/\/api.w.org\/{rel}","templated":true}]}}